{"id":119,"date":"2021-05-17T17:42:36","date_gmt":"2021-05-17T17:42:36","guid":{"rendered":"https:\/\/polimarkwp.pixydrops.com\/?page_id=119"},"modified":"2026-01-17T12:14:43","modified_gmt":"2026-01-17T12:14:43","slug":"contact","status":"publish","type":"page","link":"http:\/\/rafikarezgui.fr\/index.php\/contact\/","title":{"rendered":"Contact"},"content":{"rendered":"\t\t<div data-elementor-type=\"wp-page\" data-elementor-id=\"119\" class=\"elementor elementor-119\">\n\t\t\t\t\t\t<section class=\"elementor-section elementor-top-section elementor-element elementor-element-46071d7 elementor-section-boxed elementor-section-height-default elementor-section-height-default\" data-id=\"46071d7\" data-element_type=\"section\" data-e-type=\"section\">\n\t\t\t\t\t\t<div class=\"elementor-container elementor-column-gap-no\">\n\t\t\t\t\t<div class=\"elementor-column elementor-col-100 elementor-top-column elementor-element elementor-element-38e57cf\" data-id=\"38e57cf\" data-element_type=\"column\" data-e-type=\"column\">\n\t\t\t<div class=\"elementor-widget-wrap elementor-element-populated\">\n\t\t\t\t\t\t<section class=\"elementor-section elementor-inner-section elementor-element elementor-element-ab3ce59 elementor-section-boxed elementor-section-height-default elementor-section-height-default\" data-id=\"ab3ce59\" data-element_type=\"section\" data-e-type=\"section\">\n\t\t\t\t\t\t<div class=\"elementor-container elementor-column-gap-extended\">\n\t\t\t\t\t<div class=\"elementor-column elementor-col-33 elementor-inner-column elementor-element elementor-element-f09f191\" data-id=\"f09f191\" data-element_type=\"column\" data-e-type=\"column\">\n\t\t\t<div class=\"elementor-widget-wrap elementor-element-populated\">\n\t\t\t\t\t\t<div class=\"elementor-element elementor-element-a1bf6e7 elementor-widget elementor-widget-polimark-contact-info\" data-id=\"a1bf6e7\" data-element_type=\"widget\" data-e-type=\"widget\" data-widget_type=\"polimark-contact-info.default\">\n\t\t\t\t<div class=\"elementor-widget-container\">\n\t\t\t\t\t\r\n        <div class=\"contact-info\">\r\n            <div class=\"contact-info__icon\">\r\n                <i class=\"polimark-icon-place\"><\/i>\r\n            <\/div><!-- \/.contact-info__icon -->\r\n            <h3 class=\"contact-info__title\">\r\n                Adresse            <\/h3><!-- \/.contact-info__title -->\r\n            <p class=\"contact-info__text\">\r\n                <a href=\"https:\/\/maps.app.goo.gl\/LqeGrdsSfnvdsGst6\">34 rue Fran\u00e7ois Mouthon<br>\n91380 Chilly-Mazarin<\/a>            <\/p><!-- \/.contact-info__text -->\r\n        <\/div><!-- \/.contact-info -->\r\n\r\n\t\t\t\t<\/div>\n\t\t\t\t<\/div>\n\t\t\t\t\t<\/div>\n\t\t<\/div>\n\t\t\t\t<div class=\"elementor-column elementor-col-33 elementor-inner-column elementor-element elementor-element-543208e\" data-id=\"543208e\" data-element_type=\"column\" data-e-type=\"column\">\n\t\t\t<div class=\"elementor-widget-wrap elementor-element-populated\">\n\t\t\t\t\t\t<div class=\"elementor-element elementor-element-ac1f61d elementor-widget elementor-widget-polimark-contact-info\" data-id=\"ac1f61d\" data-element_type=\"widget\" data-e-type=\"widget\" data-widget_type=\"polimark-contact-info.default\">\n\t\t\t\t<div class=\"elementor-widget-container\">\n\t\t\t\t\t\r\n        <div class=\"contact-info\">\r\n            <div class=\"contact-info__icon\">\r\n                <i class=\"polimark-icon-phone-ringing\"><\/i>\r\n            <\/div><!-- \/.contact-info__icon -->\r\n            <h3 class=\"contact-info__title\">\r\n                T\u00e9l\u00e9phone            <\/h3><!-- \/.contact-info__title -->\r\n            <p class=\"contact-info__text\">\r\n                <a href=\"tel:06 32 88 89 12\">06 32 88 89 12<\/a> <br>\nWhatsApp            <\/p><!-- \/.contact-info__text -->\r\n        <\/div><!-- \/.contact-info -->\r\n\r\n\t\t\t\t<\/div>\n\t\t\t\t<\/div>\n\t\t\t\t\t<\/div>\n\t\t<\/div>\n\t\t\t\t<div class=\"elementor-column elementor-col-33 elementor-inner-column elementor-element elementor-element-3de08ce\" data-id=\"3de08ce\" data-element_type=\"column\" data-e-type=\"column\">\n\t\t\t<div class=\"elementor-widget-wrap elementor-element-populated\">\n\t\t\t\t\t\t<div class=\"elementor-element elementor-element-eea3cc3 elementor-widget elementor-widget-polimark-contact-info\" data-id=\"eea3cc3\" data-element_type=\"widget\" data-e-type=\"widget\" data-widget_type=\"polimark-contact-info.default\">\n\t\t\t\t<div class=\"elementor-widget-container\">\n\t\t\t\t\t\r\n        <div class=\"contact-info\">\r\n            <div class=\"contact-info__icon\">\r\n                <i class=\"polimark-icon-envelope\"><\/i>\r\n            <\/div><!-- \/.contact-info__icon -->\r\n            <h3 class=\"contact-info__title\">\r\n                Email            <\/h3><!-- \/.contact-info__title -->\r\n            <p class=\"contact-info__text\">\r\n                <a href=\"mailto:chillymazarin@rafikarezgui.fr\">chillymazarin@rafikarezgui.fr<\/a> <br>\n<a href=\"mailto:reussirensemblechillymazarin@gmail.com\">reussirensemblechillymazarin@gmail.com<\/a>            <\/p><!-- \/.contact-info__text -->\r\n        <\/div><!-- \/.contact-info -->\r\n\r\n\t\t\t\t<\/div>\n\t\t\t\t<\/div>\n\t\t\t\t\t<\/div>\n\t\t<\/div>\n\t\t\t\t\t<\/div>\n\t\t<\/section>\n\t\t\t\t\t<\/div>\n\t\t<\/div>\n\t\t\t\t\t<\/div>\n\t\t<\/section>\n\t\t\t\t<section class=\"elementor-section elementor-top-section elementor-element elementor-element-1dca2cd elementor-section-boxed elementor-section-height-default elementor-section-height-default\" data-id=\"1dca2cd\" data-element_type=\"section\" data-e-type=\"section\">\n\t\t\t\t\t\t<div class=\"elementor-container elementor-column-gap-no\">\n\t\t\t\t\t<div class=\"elementor-column elementor-col-100 elementor-top-column elementor-element elementor-element-cbfc0fc\" data-id=\"cbfc0fc\" data-element_type=\"column\" data-e-type=\"column\">\n\t\t\t<div class=\"elementor-widget-wrap elementor-element-populated\">\n\t\t\t\t\t\t<div class=\"elementor-element elementor-element-1bb50fa elementor-widget elementor-widget-polimark-contact-form\" data-id=\"1bb50fa\" data-element_type=\"widget\" data-e-type=\"widget\" data-widget_type=\"polimark-contact-form.default\">\n\t\t\t\t<div class=\"elementor-widget-container\">\n\t\t\t\t\t\r\n        \r\n            <section class=\"contact-one\">\r\n                <div class=\"container\">\r\n                                            <div class=\"block-heading text-center\">\r\n                                                            <p class=\"block-heading__text\">\r\n                                    Contactez-nous                                <\/p><!-- \/.block-heading__text -->\r\n                                                                                        <h2 class=\"block-heading__title\">\r\n                                    Laissez-nous votre message                                <\/h2><!-- \/.block-heading__title -->\r\n                                                    <\/div><!-- \/.block-heading -->\r\n                    \r\n                                            <div class=\"contact-one__form\">\r\n                            \n<div class=\"wpcf7 no-js\" id=\"wpcf7-f8-o1\" lang=\"en-US\" dir=\"ltr\" data-wpcf7-id=\"8\">\n<div class=\"screen-reader-response\"><p role=\"status\" aria-live=\"polite\" aria-atomic=\"true\"><\/p> <ul><\/ul><\/div>\n<form action=\"\/index.php\/wp-json\/wp\/v2\/pages\/119#wpcf7-f8-o1\" method=\"post\" class=\"wpcf7-form init\" aria-label=\"Contact form\" novalidate=\"novalidate\" data-status=\"init\">\n<fieldset class=\"hidden-fields-container\"><input type=\"hidden\" name=\"_wpcf7\" value=\"8\" \/><input type=\"hidden\" name=\"_wpcf7_version\" value=\"6.1.5\" \/><input type=\"hidden\" name=\"_wpcf7_locale\" value=\"en_US\" \/><input type=\"hidden\" name=\"_wpcf7_unit_tag\" value=\"wpcf7-f8-o1\" \/><input type=\"hidden\" name=\"_wpcf7_container_post\" value=\"0\" \/><input type=\"hidden\" name=\"_wpcf7_posted_data_hash\" value=\"\" \/>\n<\/fieldset>\n<div id=\"contact-form\">\n\t<div class=\"row clearfix\">\n\t\t<div class=\"form-group col-lg-6 col-md-6 col-sm-12\">\n\t\t\t<div class=\"field-inner\">\n\t\t\t\t<p><span class=\"wpcf7-form-control-wrap\" data-name=\"your-name\"><input size=\"40\" maxlength=\"400\" class=\"wpcf7-form-control wpcf7-text wpcf7-validates-as-required\" aria-required=\"true\" aria-invalid=\"false\" placeholder=\"Nom et Pr\u00e9nom\" value=\"\" type=\"text\" name=\"your-name\" \/><\/span>\n\t\t\t\t<\/p>\n\t\t\t<\/div>\n\t\t<\/div>\n\t\t<div class=\"form-group col-lg-6 col-md-6 col-sm-12\">\n\t\t\t<div class=\"field-inner\">\n\t\t\t\t<p><span class=\"wpcf7-form-control-wrap\" data-name=\"your-email\"><input size=\"40\" maxlength=\"400\" class=\"wpcf7-form-control wpcf7-email wpcf7-validates-as-required wpcf7-text wpcf7-validates-as-email\" aria-required=\"true\" aria-invalid=\"false\" placeholder=\"Email\" value=\"\" type=\"email\" name=\"your-email\" \/><\/span>\n\t\t\t\t<\/p>\n\t\t\t<\/div>\n\t\t<\/div>\n\t\t<div class=\"form-group col-lg-6 col-md-6 col-sm-12\">\n\t\t\t<div class=\"field-inner\">\n\t\t\t\t<p><span class=\"wpcf7-form-control-wrap\" data-name=\"your-phone\"><input size=\"40\" maxlength=\"400\" class=\"wpcf7-form-control wpcf7-text wpcf7-validates-as-required\" aria-required=\"true\" aria-invalid=\"false\" placeholder=\"T\u00e9l\u00e9phone Portable\" value=\"\" type=\"text\" name=\"your-phone\" \/><\/span>\n\t\t\t\t<\/p>\n\t\t\t<\/div>\n\t\t<\/div>\n\t\t<div class=\"form-group col-lg-6 col-md-6 col-sm-12\">\n\t\t\t<div class=\"field-inner\">\n\t\t\t\t<p><span class=\"wpcf7-form-control-wrap\" data-name=\"your-subject\"><input size=\"40\" maxlength=\"400\" class=\"wpcf7-form-control wpcf7-text wpcf7-validates-as-required\" aria-required=\"true\" aria-invalid=\"false\" placeholder=\"Objet de votre message\" value=\"\" type=\"text\" name=\"your-subject\" \/><\/span>\n\t\t\t\t<\/p>\n\t\t\t<\/div>\n\t\t<\/div>\n\t\t<div class=\"form-group col-lg-12 col-md-12 col-sm-12\">\n\t\t\t<div class=\"field-inner\">\n\t\t\t\t<p><span class=\"wpcf7-form-control-wrap\" data-name=\"your-message\"><textarea cols=\"40\" rows=\"10\" maxlength=\"2000\" class=\"wpcf7-form-control wpcf7-textarea\" aria-invalid=\"false\" placeholder=\"Votre message\" name=\"your-message\"><\/textarea><\/span>\n\t\t\t\t<\/p>\n\t\t\t<\/div>\n\t\t<\/div>\n\t\t<div class=\"form-group d-flex justify-content-center col-lg-12 col-md-12 col-sm-12\">\n\t\t\t<p><button type=\"submit\" class=\"thm-btn\">Envoyez votre message<i class=\"fa fa-angle-right\"><\/i><\/button>\n\t\t\t<\/p>\n\t\t<\/div>\n\t<\/div>\n<\/div><p style=\"display: none !important;\" class=\"akismet-fields-container\" data-prefix=\"_wpcf7_ak_\"><label>&#916;<textarea name=\"_wpcf7_ak_hp_textarea\" cols=\"45\" rows=\"8\" maxlength=\"100\"><\/textarea><\/label><input type=\"hidden\" id=\"ak_js_1\" name=\"_wpcf7_ak_js\" value=\"210\"\/><script>document.getElementById( \"ak_js_1\" ).setAttribute( \"value\", ( new Date() ).getTime() );<\/script><\/p><div class=\"wpcf7-response-output\" aria-hidden=\"true\"><\/div>\n<\/form>\n<\/div>\n                        <\/div><!-- \/.contact-one__form -->\r\n                                    <\/div><!-- \/.container -->\r\n            <\/section>\r\n\r\n\r\n        \r\n        \r\n\t\t\t\t<\/div>\n\t\t\t\t<\/div>\n\t\t\t\t\t<\/div>\n\t\t<\/div>\n\t\t\t\t\t<\/div>\n\t\t<\/section>\n\t\t\t\t<section class=\"elementor-section elementor-top-section elementor-element elementor-element-d2a4e86 elementor-section-full_width elementor-section-height-default elementor-section-height-default\" data-id=\"d2a4e86\" data-element_type=\"section\" data-e-type=\"section\">\n\t\t\t\t\t\t<div class=\"elementor-container elementor-column-gap-no\">\n\t\t\t\t\t<div class=\"elementor-column elementor-col-100 elementor-top-column elementor-element elementor-element-d44c3a5\" data-id=\"d44c3a5\" data-element_type=\"column\" data-e-type=\"column\">\n\t\t\t<div class=\"elementor-widget-wrap elementor-element-populated\">\n\t\t\t\t\t\t<div class=\"elementor-element elementor-element-8f5ff23 elementor-widget elementor-widget-google_maps\" data-id=\"8f5ff23\" data-element_type=\"widget\" data-e-type=\"widget\" data-widget_type=\"google_maps.default\">\n\t\t\t\t\t\t\t<div class=\"elementor-custom-embed\">\n\t\t\t<iframe loading=\"lazy\"\n\t\t\t\t\tsrc=\"https:\/\/maps.google.com\/maps?q=34%20rue%20Fran%C3%A7ois%20Mouthon%2091380%20Chilly%20Mazarin%20France&#038;t=m&#038;z=13&#038;output=embed&#038;iwloc=near\"\n\t\t\t\t\ttitle=\"34 rue Fran\u00e7ois Mouthon 91380 Chilly Mazarin France\"\n\t\t\t\t\taria-label=\"34 rue Fran\u00e7ois Mouthon 91380 Chilly Mazarin France\"\n\t\t\t><\/iframe>\n\t\t<\/div>\n\t\t\t\t\t\t<\/div>\n\t\t\t\t\t<\/div>\n\t\t<\/div>\n\t\t\t\t\t<\/div>\n\t\t<\/section>\n\t\t\t\t<\/div>\n\t\t","protected":false},"excerpt":{"rendered":"<p>Adresse 34 rue Fran\u00e7ois Mouthon 91380 Chilly-Mazarin T\u00e9l\u00e9phone 06 32 88 89 12 WhatsApp Email chillymazarin@rafikarezgui.fr reussirensemblechillymazarin@gmail.com Contactez-nous Laissez-nous votre message Envoyez votre message &#916;<\/p>\n","protected":false},"author":1,"featured_media":0,"parent":0,"menu_order":0,"comment_status":"closed","ping_status":"closed","template":"elementor_header_footer","meta":{"give_campaign_id":0,"_monsterinsights_skip_tracking":false,"_monsterinsights_sitenote_active":false,"_monsterinsights_sitenote_note":"","_monsterinsights_sitenote_category":0,"ngg_post_thumbnail":0,"footnotes":""},"class_list":["post-119","page","type-page","status-publish","hentry"],"aioseo_notices":[],"campaignId":"","_links":{"self":[{"href":"http:\/\/rafikarezgui.fr\/index.php\/wp-json\/wp\/v2\/pages\/119","targetHints":{"allow":["GET"]}}],"collection":[{"href":"http:\/\/rafikarezgui.fr\/index.php\/wp-json\/wp\/v2\/pages"}],"about":[{"href":"http:\/\/rafikarezgui.fr\/index.php\/wp-json\/wp\/v2\/types\/page"}],"author":[{"embeddable":true,"href":"http:\/\/rafikarezgui.fr\/index.php\/wp-json\/wp\/v2\/users\/1"}],"replies":[{"embeddable":true,"href":"http:\/\/rafikarezgui.fr\/index.php\/wp-json\/wp\/v2\/comments?post=119"}],"version-history":[{"count":6,"href":"http:\/\/rafikarezgui.fr\/index.php\/wp-json\/wp\/v2\/pages\/119\/revisions"}],"predecessor-version":[{"id":1747,"href":"http:\/\/rafikarezgui.fr\/index.php\/wp-json\/wp\/v2\/pages\/119\/revisions\/1747"}],"wp:attachment":[{"href":"http:\/\/rafikarezgui.fr\/index.php\/wp-json\/wp\/v2\/media?parent=119"}],"curies":[{"name":"wp","href":"https:\/\/api.w.org\/{rel}","templated":true}]}}