{"id":109,"date":"2021-05-17T17:41:04","date_gmt":"2021-05-17T17:41:04","guid":{"rendered":"https:\/\/polimarkwp.pixydrops.com\/?page_id=109"},"modified":"2026-01-08T21:29:18","modified_gmt":"2026-01-08T21:29:18","slug":"soutenez-nous","status":"publish","type":"page","link":"http:\/\/rafikarezgui.fr\/index.php\/soutenez-nous\/","title":{"rendered":"Soutenez-nous"},"content":{"rendered":"\t\t<div data-elementor-type=\"wp-page\" data-elementor-id=\"109\" class=\"elementor elementor-109\">\n\t\t\t\t\t\t<section class=\"elementor-section elementor-top-section elementor-element elementor-element-5f98294 elementor-section-full_width elementor-section-height-default elementor-section-height-default\" data-id=\"5f98294\" data-element_type=\"section\" data-e-type=\"section\">\n\t\t\t\t\t\t<div class=\"elementor-container elementor-column-gap-no\">\n\t\t\t\t\t<div class=\"elementor-column elementor-col-100 elementor-top-column elementor-element elementor-element-7bb409e\" data-id=\"7bb409e\" data-element_type=\"column\" data-e-type=\"column\">\n\t\t\t<div class=\"elementor-widget-wrap elementor-element-populated\">\n\t\t\t\t\t\t<div class=\"elementor-element elementor-element-7eae451 elementor-widget elementor-widget-polimark-contact-form\" data-id=\"7eae451\" data-element_type=\"widget\" data-e-type=\"widget\" data-settings=\"{&quot;_animation&quot;:&quot;none&quot;}\" data-widget_type=\"polimark-contact-form.default\">\n\t\t\t\t<div class=\"elementor-widget-container\">\n\t\t\t\t\t\r\n        \r\n                    <section class=\"volunteer-one\">\r\n                <div class=\"container\">\r\n                                            <div class=\"block-heading text-left\">\r\n                                                            <p class=\"block-heading__text\">\r\n                                    Comit\u00e9 de soutien                                <\/p><!-- \/.block-heading__text -->\r\n                                                                                        <h2 class=\"block-heading__title\">\r\n                                    Rejoignez-nous !                                <\/h2><!-- \/.block-heading__title -->\r\n                                                    <\/div><!-- \/.block-heading -->\r\n                    \r\n                    <div class=\"row\">\r\n                        <div class=\"col-lg-8\">\r\n                            <div class=\"volunteer-one__form\">\r\n                                \n<div class=\"wpcf7 no-js\" id=\"wpcf7-f325-o1\" lang=\"en-US\" dir=\"ltr\" data-wpcf7-id=\"325\">\n<div class=\"screen-reader-response\"><p role=\"status\" aria-live=\"polite\" aria-atomic=\"true\"><\/p> <ul><\/ul><\/div>\n<form action=\"\/index.php\/wp-json\/wp\/v2\/pages\/109#wpcf7-f325-o1\" method=\"post\" class=\"wpcf7-form init\" aria-label=\"Contact form\" novalidate=\"novalidate\" data-status=\"init\">\n<fieldset class=\"hidden-fields-container\"><input type=\"hidden\" name=\"_wpcf7\" value=\"325\" \/><input type=\"hidden\" name=\"_wpcf7_version\" value=\"6.1.5\" \/><input type=\"hidden\" name=\"_wpcf7_locale\" value=\"en_US\" \/><input type=\"hidden\" name=\"_wpcf7_unit_tag\" value=\"wpcf7-f325-o1\" \/><input type=\"hidden\" name=\"_wpcf7_container_post\" value=\"0\" \/><input type=\"hidden\" name=\"_wpcf7_posted_data_hash\" value=\"\" \/>\n<\/fieldset>\n<div id=\"volunteer-form\">\n\t<div class=\"row clearfix\">\n\t\t<div class=\"form-group col-lg-6 col-md-6 col-sm-12\">\n\t\t\t<div class=\"field-inner\">\n\t\t\t\t<p><span class=\"wpcf7-form-control-wrap\" data-name=\"your-name\"><input size=\"40\" maxlength=\"400\" class=\"wpcf7-form-control wpcf7-text wpcf7-validates-as-required\" aria-required=\"true\" aria-invalid=\"false\" placeholder=\"Nom &amp; Pr\u00e9nom\" value=\"\" type=\"text\" name=\"your-name\" \/><\/span>\n\t\t\t\t<\/p>\n\t\t\t<\/div>\n\t\t<\/div>\n\t\t<div class=\"form-group col-lg-6 col-md-6 col-sm-12\">\n\t\t\t<div class=\"field-inner\">\n\t\t\t\t<p><span class=\"wpcf7-form-control-wrap\" data-name=\"your-email\"><input size=\"40\" maxlength=\"400\" class=\"wpcf7-form-control wpcf7-email wpcf7-validates-as-required wpcf7-text wpcf7-validates-as-email\" aria-required=\"true\" aria-invalid=\"false\" placeholder=\"Email\" value=\"\" type=\"email\" name=\"your-email\" \/><\/span>\n\t\t\t\t<\/p>\n\t\t\t<\/div>\n\t\t<\/div>\n\t\t<div class=\"form-group col-lg-6 col-md-6 col-sm-12\">\n\t\t\t<div class=\"field-inner\">\n\t\t\t\t<p><span class=\"wpcf7-form-control-wrap\" data-name=\"your-phone\"><input size=\"40\" maxlength=\"400\" class=\"wpcf7-form-control wpcf7-text wpcf7-validates-as-required\" aria-required=\"true\" aria-invalid=\"false\" placeholder=\"Portable\" value=\"\" type=\"text\" name=\"your-phone\" \/><\/span>\n\t\t\t\t<\/p>\n\t\t\t<\/div>\n\t\t<\/div>\n\t\t<div class=\"form-group col-lg-6 col-md-6 col-sm-12\">\n\t\t\t<div class=\"field-inner\">\n\t\t\t\t<p><span class=\"wpcf7-form-control-wrap\" data-name=\"your-subject\"><input size=\"40\" maxlength=\"400\" class=\"wpcf7-form-control wpcf7-text wpcf7-validates-as-required\" aria-required=\"true\" aria-invalid=\"false\" placeholder=\"Objet du message\" value=\"\" type=\"text\" name=\"your-subject\" \/><\/span>\n\t\t\t\t<\/p>\n\t\t\t<\/div>\n\t\t<\/div>\n\t\t<div class=\"form-group col-lg-6 col-md-6 col-sm-12\">\n\t\t\t<div class=\"field-inner\">\n\t\t\t\t<p><span class=\"wpcf7-form-control-wrap\" data-name=\"your-city\"><input size=\"40\" maxlength=\"400\" class=\"wpcf7-form-control wpcf7-text wpcf7-validates-as-required\" aria-required=\"true\" aria-invalid=\"false\" placeholder=\"Ville\" value=\"\" type=\"text\" name=\"your-city\" \/><\/span>\n\t\t\t\t<\/p>\n\t\t\t<\/div>\n\t\t<\/div>\n\t\t<div class=\"form-group col-lg-6 col-md-6 col-sm-12\">\n\t\t\t<div class=\"field-inner\">\n\t\t\t\t<p><span class=\"wpcf7-form-control-wrap\" data-name=\"your-zip\"><input size=\"40\" maxlength=\"400\" class=\"wpcf7-form-control wpcf7-text wpcf7-validates-as-required\" aria-required=\"true\" aria-invalid=\"false\" placeholder=\"Code postal\" value=\"\" type=\"text\" name=\"your-zip\" \/><\/span>\n\t\t\t\t<\/p>\n\t\t\t<\/div>\n\t\t<\/div>\n\t\t<div class=\"col-lg-12\">\n\t\t\t<p class=\"form-label-text\">Comment voulez-vous nous aider?\n\t\t\t<\/p>\n\t\t\t<p><span class=\"wpcf7-form-control-wrap\" data-name=\"checkbox-help\"><span class=\"wpcf7-form-control wpcf7-checkbox\"><span class=\"wpcf7-list-item first\"><label><input type=\"checkbox\" name=\"checkbox-help[]\" value=\"Porte \u00e0 porte\" \/><span class=\"wpcf7-list-item-label\">Porte \u00e0 porte<\/span><\/label><\/span><span class=\"wpcf7-list-item\"><label><input type=\"checkbox\" name=\"checkbox-help[]\" value=\"R\u00e9aliser un t\u00e9moignage\" \/><span class=\"wpcf7-list-item-label\">R\u00e9aliser un t\u00e9moignage<\/span><\/label><\/span><span class=\"wpcf7-list-item\"><label><input type=\"checkbox\" name=\"checkbox-help[]\" value=\"Tractage et distribution\" \/><span class=\"wpcf7-list-item-label\">Tractage et distribution<\/span><\/label><\/span><span class=\"wpcf7-list-item\"><label><input type=\"checkbox\" name=\"checkbox-help[]\" value=\"Mobiliser vos amis\" \/><span class=\"wpcf7-list-item-label\">Mobiliser vos amis<\/span><\/label><\/span><span class=\"wpcf7-list-item\"><label><input type=\"checkbox\" name=\"checkbox-help[]\" value=\"Faire un don\" \/><span class=\"wpcf7-list-item-label\">Faire un don<\/span><\/label><\/span><span class=\"wpcf7-list-item last\"><label><input type=\"checkbox\" name=\"checkbox-help[]\" value=\"Autre\" \/><span class=\"wpcf7-list-item-label\">Autre<\/span><\/label><\/span><\/span><\/span>\n\t\t\t<\/p>\n\t\t<\/div>\n\t\t<div class=\"form-group col-lg-12 col-md-12 col-sm-12\">\n\t\t\t<div class=\"field-inner\">\n\t\t\t\t<p><span class=\"wpcf7-form-control-wrap\" data-name=\"your-message\"><textarea cols=\"40\" rows=\"10\" maxlength=\"2000\" class=\"wpcf7-form-control wpcf7-textarea\" aria-invalid=\"false\" placeholder=\"Votre message\" name=\"your-message\"><\/textarea><\/span>\n\t\t\t\t<\/p>\n\t\t\t<\/div>\n\t\t<\/div>\n\t\t<div class=\"form-group col-lg-12 col-md-12 col-sm-12\">\n\t\t\t<p><button type=\"submit\" class=\"thm-btn\">Envoyer votre message <i class=\"fa fa-angle-right\"><\/i><\/button>\n\t\t\t<\/p>\n\t\t<\/div>\n\t<\/div>\n<\/div><p style=\"display: none !important;\" class=\"akismet-fields-container\" data-prefix=\"_wpcf7_ak_\"><label>&#916;<textarea name=\"_wpcf7_ak_hp_textarea\" cols=\"45\" rows=\"8\" maxlength=\"100\"><\/textarea><\/label><input type=\"hidden\" id=\"ak_js_1\" name=\"_wpcf7_ak_js\" value=\"164\"\/><script>document.getElementById( \"ak_js_1\" ).setAttribute( \"value\", ( new Date() ).getTime() );<\/script><\/p><div class=\"wpcf7-response-output\" aria-hidden=\"true\"><\/div>\n<\/form>\n<\/div>\n                            <\/div><!-- \/.volunteer-one__form -->\r\n                        <\/div><!-- \/.col-lg-8 -->\r\n                        <div class=\"col-lg-4\">\r\n                            <div class=\"volunteer-one__image\">\r\n                                <img decoding=\"async\" src=\"http:\/\/rafikarezgui.fr\/wp-content\/uploads\/2026\/01\/Rafika3.jpeg\" alt=\"\">\r\n                            <\/div><!-- \/.volunteer-one__image -->\r\n                        <\/div><!-- \/.col-lg-4 -->\r\n                    <\/div><!-- \/.row -->\r\n\r\n                <\/div><!-- \/.container -->\r\n            <\/section><!-- \/.volunteer-one -->\r\n        \r\n\t\t\t\t<\/div>\n\t\t\t\t<\/div>\n\t\t\t\t\t<\/div>\n\t\t<\/div>\n\t\t\t\t\t<\/div>\n\t\t<\/section>\n\t\t\t\t<\/div>\n\t\t","protected":false},"excerpt":{"rendered":"<p>Comit\u00e9 de soutien Rejoignez-nous ! Comment voulez-vous nous aider? Porte \u00e0 porteR\u00e9aliser un t\u00e9moignageTractage et distributionMobiliser vos amisFaire un donAutre Envoyer votre message &#916;<\/p>\n","protected":false},"author":1,"featured_media":0,"parent":0,"menu_order":0,"comment_status":"closed","ping_status":"closed","template":"elementor_header_footer","meta":{"give_campaign_id":0,"_monsterinsights_skip_tracking":false,"_monsterinsights_sitenote_active":false,"_monsterinsights_sitenote_note":"","_monsterinsights_sitenote_category":0,"ngg_post_thumbnail":0,"footnotes":""},"class_list":["post-109","page","type-page","status-publish","hentry"],"aioseo_notices":[],"campaignId":"","_links":{"self":[{"href":"http:\/\/rafikarezgui.fr\/index.php\/wp-json\/wp\/v2\/pages\/109","targetHints":{"allow":["GET"]}}],"collection":[{"href":"http:\/\/rafikarezgui.fr\/index.php\/wp-json\/wp\/v2\/pages"}],"about":[{"href":"http:\/\/rafikarezgui.fr\/index.php\/wp-json\/wp\/v2\/types\/page"}],"author":[{"embeddable":true,"href":"http:\/\/rafikarezgui.fr\/index.php\/wp-json\/wp\/v2\/users\/1"}],"replies":[{"embeddable":true,"href":"http:\/\/rafikarezgui.fr\/index.php\/wp-json\/wp\/v2\/comments?post=109"}],"version-history":[{"count":16,"href":"http:\/\/rafikarezgui.fr\/index.php\/wp-json\/wp\/v2\/pages\/109\/revisions"}],"predecessor-version":[{"id":1617,"href":"http:\/\/rafikarezgui.fr\/index.php\/wp-json\/wp\/v2\/pages\/109\/revisions\/1617"}],"wp:attachment":[{"href":"http:\/\/rafikarezgui.fr\/index.php\/wp-json\/wp\/v2\/media?parent=109"}],"curies":[{"name":"wp","href":"https:\/\/api.w.org\/{rel}","templated":true}]}}